{"id":31,"date":"2023-07-20T12:48:19","date_gmt":"2023-07-20T10:48:19","guid":{"rendered":"https:\/\/smoktunowicz.com\/?page_id=31"},"modified":"2023-08-01T13:12:58","modified_gmt":"2023-08-01T11:12:58","slug":"nasze-uslugi","status":"publish","type":"page","link":"https:\/\/smoktunowicz.com\/?page_id=31","title":{"rendered":"Nasze us\u0142ugi"},"content":{"rendered":"<p>[et_pb_section fb_built=&#8221;1&#8243; admin_label=&#8221;Header&#8221; _builder_version=&#8221;4.16&#8243; use_background_color_gradient=&#8221;on&#8221; background_color_gradient_direction=&#8221;160deg&#8221; background_color_gradient_stops=&#8221;#ffffff 0%|#dbf0fc 100%&#8221; background_color_gradient_start=&#8221;#ffffff&#8221; background_color_gradient_end=&#8221;#dbf0fc&#8221; custom_margin=&#8221;||||false|false&#8221; custom_padding=&#8221;||||false|false&#8221; bottom_divider_style=&#8221;slant&#8221; bottom_divider_color=&#8221;#ffffff&#8221; bottom_divider_height=&#8221;50vw&#8221; bottom_divider_flip=&#8221;horizontal&#8221; locked=&#8221;off&#8221; global_colors_info=&#8221;{}&#8221;][et_pb_row column_structure=&#8221;1_2,1_2&#8243; _builder_version=&#8221;4.16&#8243; global_colors_info=&#8221;{}&#8221;][et_pb_column type=&#8221;1_2&#8243; _builder_version=&#8221;4.16&#8243; global_colors_info=&#8221;{}&#8221;][et_pb_image src=&#8221;https:\/\/smoktunowicz.com\/wp-content\/uploads\/2023\/07\/hvac-11-1.png&#8221; _builder_version=&#8221;4.16&#8243; max_width_tablet=&#8221;180px&#8221; max_width_phone=&#8221;&#8221; max_width_last_edited=&#8221;on|desktop&#8221; custom_margin=&#8221;-7vw||-45vw|-20vw|false|false&#8221; custom_margin_tablet=&#8221;||0vw|0vw|false|false&#8221; custom_margin_phone=&#8221;&#8221; custom_margin_last_edited=&#8221;on|desktop&#8221; global_colors_info=&#8221;{}&#8221;][\/et_pb_image][\/et_pb_column][et_pb_column type=&#8221;1_2&#8243; _builder_version=&#8221;4.16&#8243; global_colors_info=&#8221;{}&#8221;][et_pb_text _builder_version=&#8221;4.16&#8243; header_font=&#8221;Heebo|300|||||||&#8221; header_text_color=&#8221;#0a2d61&#8243; header_font_size=&#8221;110px&#8221; header_font_size_tablet=&#8221;70px&#8221; header_font_size_phone=&#8221;36px&#8221; header_font_size_last_edited=&#8221;on|phone&#8221; locked=&#8221;off&#8221; global_colors_info=&#8221;{}&#8221;]<\/p>\n<h1>Nasze<strong> Us\u0142ugi<\/strong><\/h1>\n<p>[\/et_pb_text][\/et_pb_column][\/et_pb_row][et_pb_row column_structure=&#8221;1_2,1_2&#8243; make_equal=&#8221;on&#8221; _builder_version=&#8221;4.16&#8243; background_color=&#8221;rgba(255,255,255,0.63)&#8221; custom_margin=&#8221;30px||30px||true|false&#8221; custom_padding=&#8221;0px||0px||true|false&#8221; box_shadow_style=&#8221;preset3&#8243; box_shadow_vertical=&#8221;26px&#8221; box_shadow_blur=&#8221;90px&#8221; box_shadow_spread=&#8221;-14px&#8221; box_shadow_color=&#8221;rgba(0,71,214,0.18)&#8221; locked=&#8221;off&#8221; global_colors_info=&#8221;{}&#8221; box_shadow_vertical__hover=&#8221;10px&#8221; box_shadow_vertical__hover_enabled=&#8221;off&#8221; box_shadow_blur__hover=&#8221;20px&#8221; box_shadow_blur__hover_enabled=&#8221;off&#8221; box_shadow_color__hover=&#8221;#2585b2&#8243;][et_pb_column type=&#8221;1_2&#8243; _builder_version=&#8221;4.16&#8243; use_background_color_gradient=&#8221;on&#8221; background_color_gradient_direction=&#8221;160deg&#8221; background_color_gradient_stops=&#8221;#ffb565 0%|#ff8e60 100%&#8221; background_color_gradient_start=&#8221;#ffb565&#8243; background_color_gradient_end=&#8221;#ff8e60&#8243; custom_padding=&#8221;18vw|60px|18vw|60px|true|true&#8221; custom_padding_tablet=&#8221;40px|30px|40px|30px|true|true&#8221; custom_padding_phone=&#8221;30px|20px|30px|20px|true|true&#8221; custom_padding_last_edited=&#8221;on|phone&#8221; global_colors_info=&#8221;{}&#8221;][et_pb_text _builder_version=&#8221;4.16&#8243; text_font=&#8221;||||||||&#8221; text_font_size=&#8221;17px&#8221; text_line_height=&#8221;1.8em&#8221; header_2_font=&#8221;Heebo|300|||||||&#8221; header_2_font_size=&#8221;70px&#8221; background_layout=&#8221;dark&#8221; text_font_size_tablet=&#8221;17px&#8221; text_font_size_phone=&#8221;14px&#8221; text_font_size_last_edited=&#8221;on|phone&#8221; header_2_font_size_tablet=&#8221;60px&#8221; header_2_font_size_phone=&#8221;36px&#8221; header_2_font_size_last_edited=&#8221;on|desktop&#8221; locked=&#8221;off&#8221; global_colors_info=&#8221;{}&#8221;]<\/p>\n<h2>Czym si\u0119 zajmujemy?<\/h2>\n<p>Mauris blandit aliquet elit, eget tincidunt nibh pulvinar a. Vestibulum ante ipsum prim\u00a0Mauris blandit aliquet elit, eget tincidunt nibh.<\/p>\n<p>[\/et_pb_text][\/et_pb_column][et_pb_column type=&#8221;1_2&#8243; _builder_version=&#8221;4.16&#8243; custom_padding=&#8221;12vw|60px|12vw||true|false&#8221; custom_padding_tablet=&#8221;0vw|30px|40px|30px|false|true&#8221; custom_padding_phone=&#8221;|20px||20px|false|true&#8221; custom_padding_last_edited=&#8221;on|phone&#8221; global_colors_info=&#8221;{}&#8221;][et_pb_blurb title=&#8221;Ogrzewanie&#8221; image=&#8221;https:\/\/smoktunowicz.com\/wp-content\/uploads\/2023\/07\/hvac-icon-01-1.png&#8221; icon_placement=&#8221;left&#8221; image_icon_width=&#8221;100px&#8221; _builder_version=&#8221;4.16&#8243; header_font=&#8221;Heebo|800|||||||&#8221; header_font_size=&#8221;16px&#8221; header_line_height=&#8221;1.5em&#8221; body_font=&#8221;||||||||&#8221; body_line_height=&#8221;1.8em&#8221; text_orientation=&#8221;center&#8221; max_width=&#8221;400px&#8221; header_font_size_tablet=&#8221;15px&#8221; header_font_size_phone=&#8221;14px&#8221; header_font_size_last_edited=&#8221;on|phone&#8221; body_font_size_phone=&#8221;14px&#8221; body_font_size_last_edited=&#8221;off|phone&#8221; image_max_width=&#8221;100px&#8221; locked=&#8221;off&#8221; global_colors_info=&#8221;{}&#8221;]<\/p>\n<p>Specjalizujemy si\u0119 w r\u00f3\u017cnorodnych rozwi\u0105zaniach ogrzewania, od tradycyjnych kot\u0142\u00f3w gazowych po nowoczesne systemy oparte na energii odnawialnej, aby zapewni\u0107 naszym klientom optymalne warunki cieplne w ich domach i firmach.<\/p>\n<p>[\/et_pb_blurb][et_pb_blurb title=&#8221;Klimatyzacja&#8221; image=&#8221;https:\/\/smoktunowicz.com\/wp-content\/uploads\/2023\/07\/hvac-icon-022-1.png&#8221; icon_placement=&#8221;left&#8221; image_icon_width=&#8221;100px&#8221; _builder_version=&#8221;4.16&#8243; header_font=&#8221;Heebo|800|||||||&#8221; header_font_size=&#8221;16px&#8221; header_line_height=&#8221;1.5em&#8221; body_font=&#8221;||||||||&#8221; body_line_height=&#8221;1.8em&#8221; text_orientation=&#8221;center&#8221; max_width=&#8221;400px&#8221; header_font_size_tablet=&#8221;15px&#8221; header_font_size_phone=&#8221;14px&#8221; header_font_size_last_edited=&#8221;on|phone&#8221; body_font_size_phone=&#8221;14px&#8221; body_font_size_last_edited=&#8221;off|phone&#8221; image_max_width=&#8221;100px&#8221; locked=&#8221;off&#8221; global_colors_info=&#8221;{}&#8221;]<\/p>\n<p>Oferujemy kompleksowe us\u0142ugi zwi\u0105zane z klimatyzacj\u0105, w tym monta\u017c zaawansowanych system\u00f3w klimatyzacyjnych, kt\u00f3re zapewniaj\u0105 optymalny poziom ch\u0142odzenia i komfortu w ciep\u0142e dni.<\/p>\n<p>[\/et_pb_blurb][et_pb_blurb title=&#8221;Pompy ciep\u0142a&#8221; image=&#8221;https:\/\/smoktunowicz.com\/wp-content\/uploads\/2023\/07\/hvac-icon-010.png&#8221; icon_placement=&#8221;left&#8221; image_icon_width=&#8221;100px&#8221; _builder_version=&#8221;4.21.0&#8243; header_font=&#8221;Heebo|800|||||||&#8221; header_font_size=&#8221;16px&#8221; header_line_height=&#8221;1.5em&#8221; body_font=&#8221;||||||||&#8221; body_line_height=&#8221;1.8em&#8221; text_orientation=&#8221;center&#8221; max_width=&#8221;400px&#8221; header_font_size_tablet=&#8221;15px&#8221; header_font_size_phone=&#8221;14px&#8221; header_font_size_last_edited=&#8221;on|phone&#8221; body_font_size_phone=&#8221;14px&#8221; body_font_size_last_edited=&#8221;off|phone&#8221; image_max_width=&#8221;100px&#8221; locked=&#8221;off&#8221; global_colors_info=&#8221;{}&#8221;]<\/p>\n<p>Zajmujemy si\u0119 instalacj\u0105 i serwisem pomp ciep\u0142a, kt\u00f3re s\u0105 nie tylko wydajnym \u017ar\u00f3d\u0142em ciep\u0142a, ale tak\u017ce ekologicznym rozwi\u0105zaniem, redukuj\u0105cym zu\u017cycie energii i emisj\u0119 CO2.<\/p>\n<p>[\/et_pb_blurb][et_pb_blurb title=&#8221;Us\u0142ugi hydrauliczne&#8221; image=&#8221;https:\/\/smoktunowicz.com\/wp-content\/uploads\/2023\/07\/hvac-icon-08.png&#8221; icon_placement=&#8221;left&#8221; image_icon_width=&#8221;100px&#8221; _builder_version=&#8221;4.21.0&#8243; header_font=&#8221;Heebo|800|||||||&#8221; header_font_size=&#8221;16px&#8221; header_line_height=&#8221;1.5em&#8221; body_font=&#8221;||||||||&#8221; body_line_height=&#8221;1.8em&#8221; text_orientation=&#8221;center&#8221; max_width=&#8221;400px&#8221; header_font_size_tablet=&#8221;15px&#8221; header_font_size_phone=&#8221;14px&#8221; header_font_size_last_edited=&#8221;on|phone&#8221; body_font_size_phone=&#8221;14px&#8221; body_font_size_last_edited=&#8221;off|phone&#8221; image_max_width=&#8221;100px&#8221; locked=&#8221;off&#8221; global_colors_info=&#8221;{}&#8221;]<\/p>\n<p>Nasz do\u015bwiadczony zesp\u00f3\u0142 hydrauliczny oferuje szeroki zakres us\u0142ug, w tym instalacje wodno-kanalizacyjne, naprawy awarii, a tak\u017ce doradztwo w zakresie optymalizacji zu\u017cycia wody.<\/p>\n<p>[\/et_pb_blurb][et_pb_blurb title=&#8221;Monta\u017c i serwis&#8221; image=&#8221;https:\/\/smoktunowicz.com\/wp-content\/uploads\/2023\/07\/hvac-icon-07.png&#8221; icon_placement=&#8221;left&#8221; image_icon_width=&#8221;100px&#8221; _builder_version=&#8221;4.21.0&#8243; header_font=&#8221;Heebo|800|||||||&#8221; header_font_size=&#8221;16px&#8221; header_line_height=&#8221;1.5em&#8221; body_font=&#8221;||||||||&#8221; body_line_height=&#8221;1.8em&#8221; text_orientation=&#8221;center&#8221; max_width=&#8221;400px&#8221; header_font_size_tablet=&#8221;15px&#8221; header_font_size_phone=&#8221;14px&#8221; header_font_size_last_edited=&#8221;on|phone&#8221; body_font_size_phone=&#8221;14px&#8221; body_font_size_last_edited=&#8221;off|phone&#8221; image_max_width=&#8221;100px&#8221; locked=&#8221;off&#8221; global_colors_info=&#8221;{}&#8221;]<\/p>\n<p>Zapewniamy kompleksowy monta\u017c i profesjonalny serwis wszystkich naszych oferowanych rozwi\u0105za\u0144, dbaj\u0105c o trwa\u0142o\u015b\u0107, sprawno\u015b\u0107 oraz pe\u0142ne zadowolenie naszych klient\u00f3w.<\/p>\n<p>[\/et_pb_blurb][et_pb_blurb title=&#8221;Us\u0142ugi minikopark\u0105&#8221; image=&#8221;https:\/\/smoktunowicz.com\/wp-content\/uploads\/2023\/07\/hvac-icon-017.png&#8221; icon_placement=&#8221;left&#8221; image_icon_width=&#8221;100px&#8221; _builder_version=&#8221;4.21.0&#8243; header_font=&#8221;Heebo|800|||||||&#8221; header_font_size=&#8221;16px&#8221; header_line_height=&#8221;1.5em&#8221; body_font=&#8221;||||||||&#8221; body_line_height=&#8221;1.8em&#8221; text_orientation=&#8221;center&#8221; max_width=&#8221;400px&#8221; header_font_size_tablet=&#8221;15px&#8221; header_font_size_phone=&#8221;14px&#8221; header_font_size_last_edited=&#8221;on|phone&#8221; body_font_size_phone=&#8221;14px&#8221; body_font_size_last_edited=&#8221;off|phone&#8221; image_max_width=&#8221;100px&#8221; locked=&#8221;off&#8221; global_colors_info=&#8221;{}&#8221;]<\/p>\n<p>Nasze us\u0142ugi minikopark\u0105 zapewniaj\u0105 precyzyjne wykonywanie prac ziemnych, wykop\u00f3w i innych zada\u0144 budowlanych, umo\u017cliwiaj\u0105c skuteczn\u0105 i efektywn\u0105 realizacj\u0119 projekt\u00f3w na terenach o ograniczonej przestrzeni.<\/p>\n<p>[\/et_pb_blurb][\/et_pb_column][\/et_pb_row][\/et_pb_section][et_pb_section fb_built=&#8221;1&#8243; _builder_version=&#8221;4.21.0&#8243; _module_preset=&#8221;default&#8221; global_colors_info=&#8221;{}&#8221;][et_pb_row column_structure=&#8221;1_4,1_4,1_4,1_4&#8243; use_custom_gutter=&#8221;on&#8221; gutter_width=&#8221;2&#8243; make_equal=&#8221;on&#8221; _builder_version=&#8221;4.16&#8243; overflow-x=&#8221;visible&#8221; overflow-y=&#8221;visible&#8221; locked=&#8221;off&#8221; global_colors_info=&#8221;{}&#8221;][et_pb_column type=&#8221;1_4&#8243; _builder_version=&#8221;4.16&#8243; background_color=&#8221;#ffffff&#8221; custom_padding=&#8221;40px|20px|40px|20px|true|true&#8221; box_shadow_style=&#8221;preset3&#8243; box_shadow_vertical=&#8221;26px&#8221; box_shadow_blur=&#8221;90px&#8221; box_shadow_spread=&#8221;-14px&#8221; box_shadow_color=&#8221;rgba(0,71,214,0.18)&#8221; global_colors_info=&#8221;{}&#8221; box_shadow_vertical__hover=&#8221;10px&#8221; box_shadow_vertical__hover_enabled=&#8221;off&#8221; box_shadow_blur__hover=&#8221;20px&#8221; box_shadow_blur__hover_enabled=&#8221;off&#8221; box_shadow_color__hover=&#8221;#2585b2&#8243;][et_pb_blurb title=&#8221;Biuro&#8221; image=&#8221;https:\/\/smoktunowicz.com\/wp-content\/uploads\/2023\/07\/hvac-icon-025-1.png&#8221; _builder_version=&#8221;4.21.0&#8243; header_font=&#8221;Heebo|800|||||||&#8221; header_font_size=&#8221;16px&#8221; header_line_height=&#8221;1.5em&#8221; body_font=&#8221;||||||||&#8221; body_line_height=&#8221;1.8em&#8221; text_orientation=&#8221;center&#8221; header_font_size_tablet=&#8221;15px&#8221; header_font_size_phone=&#8221;14px&#8221; header_font_size_last_edited=&#8221;on|phone&#8221; body_font_size_phone=&#8221;14px&#8221; body_font_size_last_edited=&#8221;off|phone&#8221; locked=&#8221;off&#8221; global_colors_info=&#8221;{}&#8221;]<\/p>\n<p>Teremiski 58<br \/>17-230 Bia\u0142owie\u017ca<\/p>\n<p>[\/et_pb_blurb][\/et_pb_column][et_pb_column type=&#8221;1_4&#8243; _builder_version=&#8221;4.16&#8243; background_color=&#8221;#ffffff&#8221; custom_padding=&#8221;40px|20px|40px|20px|true|true&#8221; box_shadow_style=&#8221;preset3&#8243; box_shadow_vertical=&#8221;26px&#8221; box_shadow_blur=&#8221;90px&#8221; box_shadow_spread=&#8221;-14px&#8221; box_shadow_color=&#8221;rgba(0,71,214,0.18)&#8221; global_colors_info=&#8221;{}&#8221; box_shadow_vertical__hover=&#8221;10px&#8221; box_shadow_vertical__hover_enabled=&#8221;off&#8221; box_shadow_blur__hover=&#8221;20px&#8221; box_shadow_blur__hover_enabled=&#8221;off&#8221; box_shadow_color__hover=&#8221;#2585b2&#8243;][et_pb_blurb title=&#8221;Telefon&#8221; image=&#8221;https:\/\/smoktunowicz.com\/wp-content\/uploads\/2023\/07\/hvac-icon-026-1.png&#8221; _builder_version=&#8221;4.16&#8243; header_font=&#8221;Heebo|800|||||||&#8221; header_font_size=&#8221;16px&#8221; header_line_height=&#8221;1.5em&#8221; body_font=&#8221;||||||||&#8221; body_line_height=&#8221;1.8em&#8221; text_orientation=&#8221;center&#8221; header_font_size_tablet=&#8221;15px&#8221; header_font_size_phone=&#8221;14px&#8221; header_font_size_last_edited=&#8221;on|phone&#8221; body_font_size_phone=&#8221;14px&#8221; body_font_size_last_edited=&#8221;off|phone&#8221; locked=&#8221;off&#8221; global_colors_info=&#8221;{}&#8221;]<\/p>\n<p>+48 661 577 768<\/p>\n<p>[\/et_pb_blurb][\/et_pb_column][et_pb_column type=&#8221;1_4&#8243; _builder_version=&#8221;4.16&#8243; background_color=&#8221;#ffffff&#8221; custom_padding=&#8221;40px|20px|40px|20px|true|true&#8221; box_shadow_style=&#8221;preset3&#8243; box_shadow_vertical=&#8221;26px&#8221; box_shadow_blur=&#8221;90px&#8221; box_shadow_spread=&#8221;-14px&#8221; box_shadow_color=&#8221;rgba(0,71,214,0.18)&#8221; global_colors_info=&#8221;{}&#8221; box_shadow_vertical__hover=&#8221;10px&#8221; box_shadow_vertical__hover_enabled=&#8221;off&#8221; box_shadow_blur__hover=&#8221;20px&#8221; box_shadow_blur__hover_enabled=&#8221;off&#8221; box_shadow_color__hover=&#8221;#2585b2&#8243;][et_pb_blurb title=&#8221;Email&#8221; image=&#8221;https:\/\/smoktunowicz.com\/wp-content\/uploads\/2023\/07\/hvac-icon-027-1.png&#8221; _builder_version=&#8221;4.21.0&#8243; header_font=&#8221;Heebo|800|||||||&#8221; header_font_size=&#8221;16px&#8221; header_line_height=&#8221;1.5em&#8221; body_font=&#8221;||||||||&#8221; body_line_height=&#8221;1.8em&#8221; body_link_font=&#8221;|600|||||||&#8221; body_link_text_color=&#8221;#45b2ff&#8221; text_orientation=&#8221;center&#8221; header_font_size_tablet=&#8221;15px&#8221; header_font_size_phone=&#8221;14px&#8221; header_font_size_last_edited=&#8221;on|phone&#8221; body_font_size_phone=&#8221;14px&#8221; body_font_size_last_edited=&#8221;off|phone&#8221; locked=&#8221;off&#8221; global_colors_info=&#8221;{}&#8221;]<\/p>\n<p><a href=\"mailto:tomasz@smoktunowicz.com\">tomasz@smoktunowicz.com<\/a><\/p>\n<p>[\/et_pb_blurb][\/et_pb_column][et_pb_column type=&#8221;1_4&#8243; _builder_version=&#8221;4.16&#8243; background_color=&#8221;#ffffff&#8221; custom_padding=&#8221;40px|20px|40px|20px|true|true&#8221; box_shadow_style=&#8221;preset3&#8243; box_shadow_vertical=&#8221;26px&#8221; box_shadow_blur=&#8221;90px&#8221; box_shadow_spread=&#8221;-14px&#8221; box_shadow_color=&#8221;rgba(0,71,214,0.18)&#8221; global_colors_info=&#8221;{}&#8221; box_shadow_vertical__hover=&#8221;10px&#8221; box_shadow_vertical__hover_enabled=&#8221;off&#8221; box_shadow_blur__hover=&#8221;20px&#8221; box_shadow_blur__hover_enabled=&#8221;off&#8221; box_shadow_color__hover=&#8221;#2585b2&#8243;][et_pb_blurb title=&#8221;Godziny pracy&#8221; image=&#8221;https:\/\/smoktunowicz.com\/wp-content\/uploads\/2023\/07\/hvac-icon-028-1.png&#8221; _builder_version=&#8221;4.16&#8243; header_font=&#8221;Heebo|800|||||||&#8221; header_font_size=&#8221;16px&#8221; header_line_height=&#8221;1.5em&#8221; body_font=&#8221;||||||||&#8221; body_line_height=&#8221;1.8em&#8221; text_orientation=&#8221;center&#8221; header_font_size_tablet=&#8221;15px&#8221; header_font_size_phone=&#8221;14px&#8221; header_font_size_last_edited=&#8221;on|phone&#8221; body_font_size_phone=&#8221;14px&#8221; body_font_size_last_edited=&#8221;off|phone&#8221; locked=&#8221;off&#8221; global_colors_info=&#8221;{}&#8221;]<\/p>\n<p>Pon-Pt: 8.00 &#8211; 16.00<\/p>\n<p>[\/et_pb_blurb][\/et_pb_column][\/et_pb_row][\/et_pb_section]<\/p>\n","protected":false},"excerpt":{"rendered":"<p>Nasze Us\u0142ugiCzym si\u0119 zajmujemy? Mauris blandit aliquet elit, eget tincidunt nibh pulvinar a. Vestibulum ante ipsum prim\u00a0Mauris blandit aliquet elit, eget tincidunt nibh.Specjalizujemy si\u0119 w r\u00f3\u017cnorodnych rozwi\u0105zaniach ogrzewania, od tradycyjnych kot\u0142\u00f3w gazowych po nowoczesne systemy oparte na energii odnawialnej, aby zapewni\u0107 naszym klientom optymalne warunki cieplne w ich domach i firmach.Oferujemy kompleksowe us\u0142ugi zwi\u0105zane z [&hellip;]<\/p>\n","protected":false},"author":1,"featured_media":0,"parent":0,"menu_order":0,"comment_status":"closed","ping_status":"closed","template":"","meta":{"_et_pb_use_builder":"on","_et_pb_old_content":"","_et_gb_content_width":"","footnotes":""},"class_list":["post-31","page","type-page","status-publish","hentry"],"_links":{"self":[{"href":"https:\/\/smoktunowicz.com\/index.php?rest_route=\/wp\/v2\/pages\/31","targetHints":{"allow":["GET"]}}],"collection":[{"href":"https:\/\/smoktunowicz.com\/index.php?rest_route=\/wp\/v2\/pages"}],"about":[{"href":"https:\/\/smoktunowicz.com\/index.php?rest_route=\/wp\/v2\/types\/page"}],"author":[{"embeddable":true,"href":"https:\/\/smoktunowicz.com\/index.php?rest_route=\/wp\/v2\/users\/1"}],"replies":[{"embeddable":true,"href":"https:\/\/smoktunowicz.com\/index.php?rest_route=%2Fwp%2Fv2%2Fcomments&post=31"}],"version-history":[{"count":9,"href":"https:\/\/smoktunowicz.com\/index.php?rest_route=\/wp\/v2\/pages\/31\/revisions"}],"predecessor-version":[{"id":107,"href":"https:\/\/smoktunowicz.com\/index.php?rest_route=\/wp\/v2\/pages\/31\/revisions\/107"}],"wp:attachment":[{"href":"https:\/\/smoktunowicz.com\/index.php?rest_route=%2Fwp%2Fv2%2Fmedia&parent=31"}],"curies":[{"name":"wp","href":"https:\/\/api.w.org\/{rel}","templated":true}]}}